{"id":251,"date":"2023-09-23T20:41:14","date_gmt":"2023-09-23T18:41:14","guid":{"rendered":"http:\/\/poemesetmuses.fr\/?page_id=251"},"modified":"2024-02-17T16:41:23","modified_gmt":"2024-02-17T15:41:23","slug":"poemes-en-vers-saison-2023-2024","status":"publish","type":"page","link":"https:\/\/poemesetmuses.fr\/index.php\/poemes-en-vers-saison-2023-2024\/","title":{"rendered":"Po\u00e8mes en vers : Saison 2023\/2024."},"content":{"rendered":"\n<pre class=\"wp-block-verse\"><em>Nouvelle saison, nouveaux po\u00e8mes. Sucr\u00e9s, sal\u00e9s, cr\u00e8me de la cr\u00e8me ! De la nouveaut\u00e9 chaque mois, n'h\u00e9sitez pas \u00e0 me partager votre avis. <\/em><\/pre>\n\n\n\n<div style=\"height:100px\" aria-hidden=\"true\" class=\"wp-block-spacer\"><\/div>\n\n\n\n<pre class=\"wp-block-verse\"><em>Valentine \n<\/em>\nC\u2019est un affreux mensonge, r\u00e9p\u00e9t\u00e9 bien souvent\nQui, le c\u0153ur me ronge et, affecte mon humeur \nProverbe mill\u00e9naire, tenu d\u2019un insolent\nLoin des yeux, loin du c\u0153ur ; quelle douce rumeur.\n\nJe n\u2019ai connu que toi, c\u2019\u00e9tait bien peu de chose ; \nQuelques regards complices et un baiser vol\u00e9\nNous chuchotions le soir, rieurs, les yeux coll\u00e9s \n\u00c2mes solitaires en pleine m\u00e9tamorphose.\n\nUn soir gel\u00e9, pourtant, vint une lassitude\nNous retrouv\u00e2mes le go\u00fbt d\u2019une autre solitude\nDepuis, le temps passe et de toi mon c\u0153ur est las \n\nEt quand, plein de d\u00e9sir, un autre vient, embrasse \nTes l\u00e8vres br\u00fblantes et, baise tes boucles d\u2019or\nLes yeux bleuis d\u2019\u00e9toiles, j\u2019y pense. Et je m\u2019endors. \n\n<\/pre>\n\n\n\n<div style=\"height:100px\" aria-hidden=\"true\" class=\"wp-block-spacer\"><\/div>\n\n\n\n<pre class=\"wp-block-verse\"><em>D\u00e9but d'automne 2017.<\/em>\n\nPlace d\u00e9serte, \nInconnue sous son \u00e9charpe, \nSalle de cours, le soir, \nLe sol et les \u00e9chardes,  \nCahier mouill\u00e9, \nHomme seul, sous le porche, \nCiel d\u00e9sol\u00e9, \nGronde quelques reproches.\nPuissante mar\u00e9e, \nDe la brume, dans les all\u00e9es,\nDe la neige, des cristaux,\nPour capitaines et matelots. \nM\u00e9chants oiseaux, m\u00e9chante couleur\nAigreur et odeur de liqueur \nBruit du m\u00e9tro, en \u00e9cho, \nPigeon, moche et gros. \nUne fillette, squelettique, \nElle a des poux et elle a des tiques, \nVent violent, pluie \u00e0 torrent, \n- Mets ton bonnet et puis tes gants. \nVieille femme sous son cabas, \nDans la pluie et dans le froid,\nAmie de l\u2019incertitude; \nChien fou qui aboie. \nLes vitrines, toutes tr\u00e8s belles,\nEt chat noir sous l\u2019\u00e9chelle, \nBouteille bris\u00e9e tous les soirs, \nEnfants maudits des boulevards \nBeaucoup de violence, et autant de charme ; \nGris Paris, longue litanie, \nPetit bout de mon \u00e2me.\n<\/pre>\n\n\n\n<div style=\"height:100px\" aria-hidden=\"true\" class=\"wp-block-spacer\"><\/div>\n\n\n\n<div style=\"height:100px\" aria-hidden=\"true\" class=\"wp-block-spacer\"><\/div>\n\n\n\n<div style=\"height:100px\" aria-hidden=\"true\" class=\"wp-block-spacer\"><\/div>\n\n\n\n<div style=\"height:100px\" aria-hidden=\"true\" class=\"wp-block-spacer\"><\/div>\n\n\n\n<div style=\"height:100px\" aria-hidden=\"true\" class=\"wp-block-spacer\"><\/div>\n\n\n\n<div style=\"height:100px\" aria-hidden=\"true\" class=\"wp-block-spacer\"><\/div>\n\n\n\n<div style=\"height:100px\" aria-hidden=\"true\" class=\"wp-block-spacer\"><\/div>\n","protected":false},"excerpt":{"rendered":"<p>Nouvelle saison, nouveaux po\u00e8mes. Sucr\u00e9s, sal\u00e9s, cr\u00e8me de la cr\u00e8me ! De la nouveaut\u00e9 chaque mois, n&#8217;h\u00e9sitez pas \u00e0 me partager votre avis. Valentine C\u2019est un affreux mensonge, r\u00e9p\u00e9t\u00e9 bien souvent Qui, le c\u0153ur me ronge et, affecte mon humeur Proverbe mill\u00e9naire, tenu d\u2019un insolent Loin des yeux, loin du c\u0153ur ; quelle douce rumeur. [&hellip;]<\/p>\n","protected":false},"author":1,"featured_media":0,"parent":0,"menu_order":0,"comment_status":"closed","ping_status":"closed","template":"","meta":{"footnotes":""},"class_list":["post-251","page","type-page","status-publish","hentry"],"_links":{"self":[{"href":"https:\/\/poemesetmuses.fr\/index.php\/wp-json\/wp\/v2\/pages\/251","targetHints":{"allow":["GET"]}}],"collection":[{"href":"https:\/\/poemesetmuses.fr\/index.php\/wp-json\/wp\/v2\/pages"}],"about":[{"href":"https:\/\/poemesetmuses.fr\/index.php\/wp-json\/wp\/v2\/types\/page"}],"author":[{"embeddable":true,"href":"https:\/\/poemesetmuses.fr\/index.php\/wp-json\/wp\/v2\/users\/1"}],"replies":[{"embeddable":true,"href":"https:\/\/poemesetmuses.fr\/index.php\/wp-json\/wp\/v2\/comments?post=251"}],"version-history":[{"count":22,"href":"https:\/\/poemesetmuses.fr\/index.php\/wp-json\/wp\/v2\/pages\/251\/revisions"}],"predecessor-version":[{"id":396,"href":"https:\/\/poemesetmuses.fr\/index.php\/wp-json\/wp\/v2\/pages\/251\/revisions\/396"}],"wp:attachment":[{"href":"https:\/\/poemesetmuses.fr\/index.php\/wp-json\/wp\/v2\/media?parent=251"}],"curies":[{"name":"wp","href":"https:\/\/api.w.org\/{rel}","templated":true}]}}